{"id":563,"date":"2016-05-27T14:17:24","date_gmt":"2016-05-27T14:17:24","guid":{"rendered":"http:\/\/www.forwardcomunicacion.com\/es\/?page_id=563"},"modified":"2019-12-13T14:24:26","modified_gmt":"2019-12-13T12:24:26","slug":"nosotros","status":"publish","type":"page","link":"https:\/\/www.forwardcomunicacion.com\/es\/nosotros\/","title":{"rendered":"SOBRE NOSOTROS"},"content":{"rendered":"<div id=\"themify_builder_content-563\" data-postid=\"563\" class=\"themify_builder_content themify_builder_content-563 themify_builder themify_builder_front\">\n\n\t\n                <!-- module_row -->\n                <div data-gutter=\"gutter-default\" class=\"themify_builder_row themify_builder_563_row module_row module_row_0 clearfix gutter-default col_align_top fullcover fullheight\"                      data-equal-column-height=\"\"\n                     data-column-alignment=\"col_align_top\">\n\n            \n                    \n                    <div class=\"row_inner_wrapper\">\n                        <div class=\"row_inner\">\n\n            \n                            \n                                \n                                        <div class=\"col-full first tb-column  tb_563_column module_column_0 module_column\" >\n\n                    \n                                            \n                                            <div class=\"tb-column-inner\">\n\n                    \n                                                \n                                                    \n<!-- module text -->\n<div id=\"text-563-0-0-1\" class=\"module module-text text-563-0-0-1   \">\n\t\n\t\n\t<h1 style=\"text-align: center;\">SOBRE NOSOTROS<\/h1>\n\t<\/div>\n<!-- \/module text -->\n\n<!-- module text -->\n<div id=\"text-563-0-0-2\" class=\"module module-text text-563-0-0-2   wow fadeIn\">\n\t\n\t\n\t<h5>\u00a0<\/h5><h5>Somos una agencia de comunicaci\u00f3n fresca y reci\u00e9n estrenada con base en Madrid y formada por profesionales expertos, con m\u00e1s de 15 a\u00f1os de experiencia, en proyectos relevantes dentro de la comunicaci\u00f3n, producci\u00f3n audiovisual y de eventos, SEO, lenguaje de marca y talent relations. Echa un vistazo a nuestras historias.<\/h5>\n\t<\/div>\n<!-- \/module text --><style type=\"text\/css\">.themify_builder .text-563-0-0-2.module-text { color: #ffffff; text-align: center; padding-right: 40px; padding-left: 40px;  } \n.themify_builder .text-563-0-0-2.module-text h1 { color: #ffffff;  } \n.themify_builder .text-563-0-0-2.module-text h2 { color: #ffffff;  } \n.themify_builder .text-563-0-0-2.module-text h3:not(.module-title) { color: #ffffff;  } \n.themify_builder .text-563-0-0-2.module-text h4 { color: #ffffff;  } \n.themify_builder .text-563-0-0-2.module-text h5 { color: #ffffff;  } \n.themify_builder .text-563-0-0-2.module-text h6 { color: #ffffff;  } \n<\/style>\n\n                                                    <\/div>\n                                                    <!-- \/.tb-column-inner -->\n                                                                <\/div>\n                                            <!-- \/.tb-column -->\n                \n                                    \n                                    \n                                \n                            <\/div>\n                            <!-- \/row_inner -->\n                        <\/div>\n                        <!-- \/row_inner_wrapper -->\n                    <\/div>\n                    <!-- \/module_row -->\n            \n\n                <!-- module_row -->\n                <div data-gutter=\"gutter-default\" class=\"themify_builder_row themify_builder_563_row module_row module_row_1 clearfix gutter-default\"                      data-equal-column-height=\"\"\n                     data-column-alignment=\"\">\n\n            \n                    \n                    <div class=\"row_inner_wrapper\">\n                        <div class=\"row_inner\">\n\n            \n<!-- .themify_builder_563_row.module_row_1 Style -->\n<style type=\"text\/css\" >\n.themify_builder_563_row.module_row_1.module_row {\n\tbackground-color: #f6f6f6;\n\tpadding-top : 40px;\n\tpadding-bottom : 40px\n}\n<\/style>\n<!-- End .themify_builder_563_row.module_row_1 Style -->\n\n                            \n                                \n                                        <div class=\"col4-1 first tb-column  tb_563_column module_column_0 module_column\" >\n\n                    \n                                            \n                                            <div class=\"tb-column-inner\">\n\n                    \n                                                \n                                                    \n\t<!-- module image -->\n\t<div id=\"image-563-1-0-1\" class=\"module module-image image-563-1-0-1 circle image-top  wow fadeIn\">\n\n\t\t\n\t\t\n\t\t<div class=\"image-wrap\">\n\t\t\t\t\t\t\t<a href=\"http:\/\/www.forwardcomunicacion.com\/team\/\"  >\n\t\t\t\t\t\t\t\t\t\t<img decoding=\"async\" src=\"http:\/\/www.forwardcomunicacion.com\/wp-content\/uploads\/2016\/05\/Raquel.jpg\" alt=\"SOBRE NOSOTROS\" \/>\t\t\t\t<\/a>\n\t\t\t\n\t\t\t\t\t\t<\/div>\n\t\t\t<!-- \/image-wrap -->\n\t\t\n\t\t\n\t\t\n\t\t<\/div>\n\t<!-- \/module image -->\n\n\n<!-- module text -->\n<div id=\"text-563-1-0-2\" class=\"module module-text text-563-1-0-2   wow fadeIn\">\n\t\n\t\n\t<p>Raquel Ramos<\/p><p>______<\/p><h6>DIRECTORA<\/h6><span class=\"shortcode themify-icon \"><a href=\"https:\/\/es.linkedin.com\/in\/raquel-ramos-garc%C3%ADa-26a17b2a\" class=\"themify-icon-link\"><i class=\"themify-icon-icon fa fa-linkedin\" ><\/i><\/a><\/span>\n\t<\/div>\n<!-- \/module text --><style type=\"text\/css\">.themify_builder .text-563-1-0-2.module-text { color: #000000; text-align: center; padding-top: 40px; padding-bottom: 40px;  } \n.themify_builder .text-563-1-0-2.module-text h1 { color: #000000;  } \n.themify_builder .text-563-1-0-2.module-text h2 { color: #000000;  } \n.themify_builder .text-563-1-0-2.module-text h3:not(.module-title) { color: #000000;  } \n.themify_builder .text-563-1-0-2.module-text h4 { color: #000000;  } \n.themify_builder .text-563-1-0-2.module-text h5 { color: #000000;  } \n.themify_builder .text-563-1-0-2.module-text h6 { color: #000000;  } \n<\/style>\n\n                                                    <\/div>\n                                                    <!-- \/.tb-column-inner -->\n                                                                <\/div>\n                                            <!-- \/.tb-column -->\n                \n                                        <div class=\"col4-1 second tb-column  tb_563_column module_column_1 module_column\" >\n\n                    \n                                            \n                                            <div class=\"tb-column-inner\">\n\n                    \n                                                \n                                                    \n\t<!-- module image -->\n\t<div id=\"image-563-1-1-1\" class=\"module module-image image-563-1-1-1 circle image-top  wow fadeIn\">\n\n\t\t\n\t\t\n\t\t<div class=\"image-wrap\">\n\t\t\t\t\t\t\t<a href=\"http:\/\/www.forwardcomunicacion.com\/team\/\"  >\n\t\t\t\t\t\t\t\t\t\t<img decoding=\"async\" src=\"http:\/\/www.forwardcomunicacion.com\/wp-content\/uploads\/2016\/05\/Guillermo.jpg\" alt=\"SOBRE NOSOTROS\" \/>\t\t\t\t<\/a>\n\t\t\t\n\t\t\t\t\t\t<\/div>\n\t\t\t<!-- \/image-wrap -->\n\t\t\n\t\t\n\t\t\n\t\t<\/div>\n\t<!-- \/module image -->\n\n\n<!-- module text -->\n<div id=\"text-563-1-1-2\" class=\"module module-text text-563-1-1-2   wow fadeIn\">\n\t\n\t\n\t<p>Guillermo Cabrera<\/p><p>______<\/p><h6>HEAD OF AUDIOVISUAL\u00a0PRODUCTION<\/h6><span class=\"shortcode themify-icon \"><a href=\"https:\/\/www.linkedin.com\/in\/guillermo-cabrera-215b8040\/\" class=\"themify-icon-link\"><i class=\"themify-icon-icon fa fa-linkedin\" ><\/i><\/a><\/span>\n\t<\/div>\n<!-- \/module text --><style type=\"text\/css\">.themify_builder .text-563-1-1-2.module-text { color: #000000; text-align: center; padding-top: 40px; padding-bottom: 40px;  } \n.themify_builder .text-563-1-1-2.module-text h1 { color: #000000;  } \n.themify_builder .text-563-1-1-2.module-text h2 { color: #000000;  } \n.themify_builder .text-563-1-1-2.module-text h3:not(.module-title) { color: #000000;  } \n.themify_builder .text-563-1-1-2.module-text h4 { color: #000000;  } \n.themify_builder .text-563-1-1-2.module-text h5 { color: #000000;  } \n.themify_builder .text-563-1-1-2.module-text h6 { color: #000000;  } \n<\/style>\n\n                                                    <\/div>\n                                                    <!-- \/.tb-column-inner -->\n                                                                <\/div>\n                                            <!-- \/.tb-column -->\n                \n                                        <div class=\"col4-1 third tb-column  tb_563_column module_column_2 module_column\" >\n\n                    \n                                            \n                                            <div class=\"tb-column-inner\">\n\n                    \n                                                \n                                                    \n\t<!-- module image -->\n\t<div id=\"image-563-1-2-1\" class=\"module module-image image-563-1-2-1 circle image-top  wow fadeIn\">\n\n\t\t\n\t\t\n\t\t<div class=\"image-wrap\">\n\t\t\t\t\t\t\t<a href=\"http:\/\/www.forwardcomunicacion.com\/team\/\"  >\n\t\t\t\t\t\t\t\t\t\t<img decoding=\"async\" src=\"http:\/\/www.forwardcomunicacion.com\/wp-content\/uploads\/2019\/04\/perfil_indira.jpg\" alt=\"SOBRE NOSOTROS\" \/>\t\t\t\t<\/a>\n\t\t\t\n\t\t\t\t\t\t<\/div>\n\t\t\t<!-- \/image-wrap -->\n\t\t\n\t\t\n\t\t\n\t\t<\/div>\n\t<!-- \/module image -->\n\n\n<!-- module text -->\n<div id=\"text-563-1-2-2\" class=\"module module-text text-563-1-2-2   wow fadeIn\">\n\t\n\t\n\t<p>Indira Bellido<\/p><p>______<\/p><h6>ACCOUNT EXECUTIVE<\/h6><span class=\"shortcode themify-icon \"><a href=\"https:\/\/www.linkedin.com\/in\/indirabellido\" class=\"themify-icon-link\"><i class=\"themify-icon-icon fa fa-linkedin\" ><\/i><\/a><\/span>\n\t<\/div>\n<!-- \/module text --><style type=\"text\/css\">.themify_builder .text-563-1-2-2.module-text { color: #000000; text-align: center; padding-top: 40px; padding-bottom: 40px;  } \n.themify_builder .text-563-1-2-2.module-text h1 { color: #000000;  } \n.themify_builder .text-563-1-2-2.module-text h2 { color: #000000;  } \n.themify_builder .text-563-1-2-2.module-text h3:not(.module-title) { color: #000000;  } \n.themify_builder .text-563-1-2-2.module-text h4 { color: #000000;  } \n.themify_builder .text-563-1-2-2.module-text h5 { color: #000000;  } \n.themify_builder .text-563-1-2-2.module-text h6 { color: #000000;  } \n<\/style>\n\n                                                    <\/div>\n                                                    <!-- \/.tb-column-inner -->\n                                                                <\/div>\n                                            <!-- \/.tb-column -->\n                \n                                        <div class=\"col4-1 last tb-column  tb_563_column module_column_3 module_column\" >\n\n                    \n                                            \n                                            <div class=\"tb-column-inner\">\n\n                    \n                                                \n                                                    \n\t<!-- module image -->\n\t<div id=\"image-563-1-3-1\" class=\"module module-image image-563-1-3-1 circle image-top  wow fadeIn\">\n\n\t\t\n\t\t\n\t\t<div class=\"image-wrap\">\n\t\t\t\t\t\t\t<a href=\"http:\/\/www.forwardcomunicacion.com\/team\/\"  >\n\t\t\t\t\t\t\t\t\t\t<img decoding=\"async\" src=\"http:\/\/www.forwardcomunicacion.com\/wp-content\/uploads\/2016\/05\/Roberto.jpg\" alt=\"SOBRE NOSOTROS\" \/>\t\t\t\t<\/a>\n\t\t\t\n\t\t\t\t\t\t<\/div>\n\t\t\t<!-- \/image-wrap -->\n\t\t\n\t\t\n\t\t\n\t\t<\/div>\n\t<!-- \/module image -->\n\n\n<!-- module text -->\n<div id=\"text-563-1-3-2\" class=\"module module-text text-563-1-3-2   wow fadeIn\">\n\t\n\t\n\t<p>Roberto Estrella<\/p><p>______<\/p><h6>DIGITAL MEDIA SPECIALIST<\/h6><span class=\"shortcode themify-icon \"><a href=\"https:\/\/www.linkedin.com\/in\/robertoestrella\/\" class=\"themify-icon-link\"><i class=\"themify-icon-icon fa fa-linkedin\" ><\/i><\/a><\/span>\n\t<\/div>\n<!-- \/module text --><style type=\"text\/css\">.themify_builder .text-563-1-3-2.module-text { color: #000000; text-align: center; padding-top: 40px; padding-bottom: 40px;  } \n.themify_builder .text-563-1-3-2.module-text h1 { color: #000000;  } \n.themify_builder .text-563-1-3-2.module-text h2 { color: #000000;  } \n.themify_builder .text-563-1-3-2.module-text h3:not(.module-title) { color: #000000;  } \n.themify_builder .text-563-1-3-2.module-text h4 { color: #000000;  } \n.themify_builder .text-563-1-3-2.module-text h5 { color: #000000;  } \n.themify_builder .text-563-1-3-2.module-text h6 { color: #000000;  } \n<\/style>\n\n                                                    <\/div>\n                                                    <!-- \/.tb-column-inner -->\n                                                                <\/div>\n                                            <!-- \/.tb-column -->\n                \n                                    \n                                    \n                                \n                            <\/div>\n                            <!-- \/row_inner -->\n                        <\/div>\n                        <!-- \/row_inner_wrapper -->\n                    <\/div>\n                    <!-- \/module_row -->\n            \n\n                <!-- module_row -->\n                <div data-gutter=\"gutter-default\" class=\"themify_builder_row themify_builder_563_row module_row module_row_2 clearfix gutter-default col_align_top\"                      data-equal-column-height=\"\"\n                     data-column-alignment=\"col_align_top\">\n\n            \n                    \n                    <div class=\"row_inner_wrapper\">\n                        <div class=\"row_inner\">\n\n            \n<!-- .themify_builder_563_row.module_row_2 Style -->\n<style type=\"text\/css\" >\n.themify_builder_563_row.module_row_2.module_row {\n\tbackground-color: #f6f6f6\n}\n<\/style>\n<!-- End .themify_builder_563_row.module_row_2 Style -->\n\n                            \n                                \n                                        <div class=\"col-full first tb-column  tb_563_column module_column_0 module_column\" >\n\n                    \n                                            \n                                            <div class=\"tb-column-inner\">\n\n                    \n                                                \n                                                    \n    <!-- module buttons -->\n    <div id=\"buttons-563-2-0-1\" class=\"module module-buttons buttons-563-2-0-1  wow fadeIn\">\n\n        \n        \n        <div class=\"module-buttons large outline\">\n                            <div class=\"module-buttons-item\">\n                                            <a class=\"ui builder_button  black\"  href=\"http:\/\/www.forwardcomunicacion.com\/es\/equipo\/%20\">\n                                                                    <span>M\u00c1S SOBRE NOSOTROS<\/span>\n                                            <\/a>\n                                    <\/div>\n                    <\/div>\n\n        \n    <\/div>\n    <!-- \/module buttons -->\n<style type=\"text\/css\">.themify_builder .buttons-563-2-0-1 div.module-buttons { text-align: center; padding-bottom: 40px;  } \n<\/style>\n\n                                                    <\/div>\n                                                    <!-- \/.tb-column-inner -->\n                                                                <\/div>\n                                            <!-- \/.tb-column -->\n                \n                                    \n                                    \n                                \n                            <\/div>\n                            <!-- \/row_inner -->\n                        <\/div>\n                        <!-- \/row_inner_wrapper -->\n                    <\/div>\n                    <!-- \/module_row -->\n            \n<\/div>\n<!-- \/themify_builder_content -->","protected":false},"excerpt":{"rendered":"<p>SOBRE NOSOTROS<\/p>\n","protected":false},"author":1,"featured_media":0,"parent":0,"menu_order":0,"comment_status":"closed","ping_status":"closed","template":"","meta":{"footnotes":""},"class_list":["post-563","page","type-page","status-publish","hentry","no-post-title","has-post-date","has-post-category","has-post-tag","has-post-comment","has-post-author"],"_links":{"self":[{"href":"https:\/\/www.forwardcomunicacion.com\/es\/wp-json\/wp\/v2\/pages\/563","targetHints":{"allow":["GET"]}}],"collection":[{"href":"https:\/\/www.forwardcomunicacion.com\/es\/wp-json\/wp\/v2\/pages"}],"about":[{"href":"https:\/\/www.forwardcomunicacion.com\/es\/wp-json\/wp\/v2\/types\/page"}],"author":[{"embeddable":true,"href":"https:\/\/www.forwardcomunicacion.com\/es\/wp-json\/wp\/v2\/users\/1"}],"replies":[{"embeddable":true,"href":"https:\/\/www.forwardcomunicacion.com\/es\/wp-json\/wp\/v2\/comments?post=563"}],"version-history":[{"count":14,"href":"https:\/\/www.forwardcomunicacion.com\/es\/wp-json\/wp\/v2\/pages\/563\/revisions"}],"predecessor-version":[{"id":1166,"href":"https:\/\/www.forwardcomunicacion.com\/es\/wp-json\/wp\/v2\/pages\/563\/revisions\/1166"}],"wp:attachment":[{"href":"https:\/\/www.forwardcomunicacion.com\/es\/wp-json\/wp\/v2\/media?parent=563"}],"curies":[{"name":"wp","href":"https:\/\/api.w.org\/{rel}","templated":true}]}}