{"id":566,"date":"2016-05-27T14:21:59","date_gmt":"2016-05-27T14:21:59","guid":{"rendered":"http:\/\/www.forwardcomunicacion.com\/es\/?page_id=566"},"modified":"2019-12-13T14:17:50","modified_gmt":"2019-12-13T12:17:50","slug":"audiovisual","status":"publish","type":"page","link":"https:\/\/www.forwardcomunicacion.com\/es\/audiovisual\/","title":{"rendered":"SERVICIO DE PRODUCCI\u00d3N AUDIOVISUAL"},"content":{"rendered":"<div id=\"themify_builder_content-566\" data-postid=\"566\" class=\"themify_builder_content themify_builder_content-566 themify_builder themify_builder_front\">\n\n\t\n                <!-- module_row -->\n                <div data-gutter=\"gutter-default\" class=\"themify_builder_row themify_builder_566_row module_row module_row_0 clearfix gutter-default col_align_top fullcover\"                      data-equal-column-height=\"\"\n                     data-column-alignment=\"col_align_top\">\n\n            \n                    \n                    <div class=\"row_inner_wrapper\">\n                        <div class=\"row_inner\">\n\n            \n                            \n                                \n                                        <div class=\"col-full first tb-column  tb_566_column module_column_0 module_column\" >\n\n                    \n                                            \n                                            <div class=\"tb-column-inner\">\n\n                    \n                                                \n                                                    \n<!-- module text -->\n<div id=\"text-566-0-0-1\" class=\"module module-text text-566-0-0-1   \">\n\t\n\t\n\t<h1>SERVICIO AUDIOVISUAL<\/h1><p>______<\/p><p>En Forward somos especialistas en comunicaci\u00f3n audiovisual corporativa y sabemos que aqu\u00ed est\u00e1 el presente y futuro de la comunicaci\u00f3n. Por eso contamos con una s\u00f3lida productora audiovisual\u00a0<i>in-house<\/i>\u00a0con equipos de \u00faltima generaci\u00f3n. El consumidor est\u00e1 en las redes\/medios online y se ha demostrado que consume cada vez m\u00e1s video<\/p>\n\t<\/div>\n<!-- \/module text -->\n\n    <!-- module box -->\n    <div id=\"box-566-0-0-2\" class=\"module module-box box-566-0-0-2 \">\n        \n        \n        <div class=\"module-box-content ui   default  fullcover\">\n            <p><span class=\"shortcode themify-icon \"><i class=\"themify-icon-icon fa fa-desktop\" style=\"color: #ffffff;\"><\/i><\/span> Emisi\u00f3n en directo- Streaming \u00a0<span class=\"shortcode themify-icon \"><i class=\"themify-icon-icon fa fa-video-camera\" style=\"color: #ffffff;\"><\/i><\/span> V\u00eddeo\u00a0corporativo<\/p><p><span class=\"shortcode themify-icon \"><i class=\"themify-icon-icon fa fa-television\" style=\"color: #ffffff;\"><\/i><\/span> Realizaci\u00f3n de\u00a0compactados para informativos y otros formatos televisivos <span class=\"shortcode themify-icon \"><i class=\"themify-icon-icon fa fa-film\" style=\"color: #ffffff;\"><\/i><\/span>\u00a0Making ofs<\/p><p><span class=\"shortcode themify-icon \"><i class=\"themify-icon-icon fa fa-volume-up\" style=\"color: #ffffff;\"><\/i><\/span>\u00a0Tutoriales\u00a0<span class=\"shortcode themify-icon \"><i class=\"themify-icon-icon fa fa-street-view\" style=\"color: #ffffff;\"><\/i><\/span> Realidad Virtual- 360\u00ba video <span class=\"shortcode themify-icon \"><i class=\"themify-icon-icon fa fa-caret-square-o-right\" style=\"color: #ffffff;\"><\/i><\/span>\u00a0Video viral<\/p>        <\/div>\n\n            <\/div>\n    <!-- \/module box -->\n<style type=\"text\/css\">.themify_builder .box-566-0-0-2.module-box .module-box-content { background-color: #000000; background-color: rgba(0,0,0, 0.57); background-repeat: fullcover; color: #ffffff; padding-bottom: 0px;  } \n.themify_builder .box-566-0-0-2.module-box { font-family: Roboto; text-align: center;  } \n.themify_builder .box-566-0-0-2.module-box h1 { font-family: Roboto; color: #ffffff;  } \n.themify_builder .box-566-0-0-2.module-box h2 { font-family: Roboto; color: #ffffff;  } \n.themify_builder .box-566-0-0-2.module-box h3:not(.module-title) { font-family: Roboto; color: #ffffff;  } \n.themify_builder .box-566-0-0-2.module-box h4 { font-family: Roboto; color: #ffffff;  } \n.themify_builder .box-566-0-0-2.module-box h5 { font-family: Roboto; color: #ffffff;  } \n.themify_builder .box-566-0-0-2.module-box h6 { font-family: Roboto; color: #ffffff;  } \n<\/style>\n\n                                                    <\/div>\n                                                    <!-- \/.tb-column-inner -->\n                                                                <\/div>\n                                            <!-- \/.tb-column -->\n                \n                                    \n                                    \n                                \n                            <\/div>\n                            <!-- \/row_inner -->\n                        <\/div>\n                        <!-- \/row_inner_wrapper -->\n                    <\/div>\n                    <!-- \/module_row -->\n            \n\n                <!-- module_row -->\n                <div data-gutter=\"gutter-default\" class=\"themify_builder_row themify_builder_566_row module_row module_row_1 clearfix gutter-default col_align_top fullcover\"                      data-equal-column-height=\"\"\n                     data-column-alignment=\"col_align_top\">\n\n            \n                    \n                <div class=\"builder_row_cover\" style=\"background-color: rgba(247,247,247, 0.69)\" data-color=\"rgba(247,247,247, 0.69)\" data-hover-color=\"rgba(247,247,247, 0.00)\"><\/div>\n\n            \n                    <div class=\"row_inner_wrapper\">\n                        <div class=\"row_inner\">\n\n            \n<!-- .themify_builder_566_row.module_row_1 Style -->\n<style type=\"text\/css\" >\n.themify_builder_566_row.module_row_1.module_row {\n\tbackground-image: url(https:\/\/www.forwardcomunicacion.com\/wp-content\/uploads\/2016\/05\/IMG_4020.jpg);\n\tpadding-top : 40px;\n\tpadding-bottom : 40px\n}\n<\/style>\n<!-- End .themify_builder_566_row.module_row_1 Style -->\n\n                            \n                                \n                                        <div class=\"col-full first tb-column  tb_566_column module_column_0 module_column\" >\n\n                    \n                                            \n                                            <div class=\"tb-column-inner\">\n\n                    \n                                                \n                                                    \n    <!-- module buttons -->\n    <div id=\"buttons-566-1-0-1\" class=\"module module-buttons buttons-566-1-0-1  wow fadeIn\">\n\n        \n        \n        <div class=\"module-buttons large outline\">\n                            <div class=\"module-buttons-item\">\n                                            <a class=\"ui builder_button  default\"  href=\"http:\/\/www.forwardcomunicacion.com\/services\/\">\n                                                                    <span>ALL SERVICES<\/span>\n                                            <\/a>\n                                    <\/div>\n                    <\/div>\n\n        \n    <\/div>\n    <!-- \/module buttons -->\n<style type=\"text\/css\">.themify_builder .buttons-566-1-0-1 div.module-buttons { font-family: Roboto; text-align: center;  } \n.themify_builder .buttons-566-1-0-1div.module-buttons { color: #ffffff;  } \n<\/style>\n\n                                                    <\/div>\n                                                    <!-- \/.tb-column-inner -->\n                                                                <\/div>\n                                            <!-- \/.tb-column -->\n                \n                                    \n                                    \n                                \n                            <\/div>\n                            <!-- \/row_inner -->\n                        <\/div>\n                        <!-- \/row_inner_wrapper -->\n                    <\/div>\n                    <!-- \/module_row -->\n            \n\n                <!-- module_row -->\n                <div data-gutter=\"gutter-default\" class=\"themify_builder_row themify_builder_566_row module_row module_row_2 clearfix gutter-default\"                      data-equal-column-height=\"\"\n                     data-column-alignment=\"\">\n\n            \n                    \n                    <div class=\"row_inner_wrapper\">\n                        <div class=\"row_inner\">\n\n            \n<!-- .themify_builder_566_row.module_row_2 Style -->\n<style type=\"text\/css\" >\n.themify_builder_566_row.module_row_2.module_row {\n\tbackground-color: #c23e3e;\n\tpadding-top : 40px;\n\tpadding-bottom : 40px\n}\n<\/style>\n<!-- End .themify_builder_566_row.module_row_2 Style -->\n\n                            \n                                \n                                        <div class=\"col4-1 first tb-column empty-column tb_566_column module_column_0 module_column\" >\n\n                    \n                                            \n                                            <div class=\"tb-column-inner\">\n\n                    \n                                                \n                                                    &nbsp;\n                                                    <\/div>\n                                                    <!-- \/.tb-column-inner -->\n                                                                <\/div>\n                                            <!-- \/.tb-column -->\n                \n                                        <div class=\"col4-1 second tb-column  tb_566_column module_column_1 module_column\" >\n\n                    \n                                            \n                                            <div class=\"tb-column-inner\">\n\n                    \n<!-- .module_row_2 .tb_566_column.module_column_1 Style -->\n<style type=\"text\/css\" >\n.module_row_2 .tb_566_column.module_column_1.module_column {\n\ttext-align: center\n}\n<\/style>\n<!-- End .module_row_2 .tb_566_column.module_column_1 Style -->\n\n                                                \n                                                    \n\t<!-- module image -->\n\t<div id=\"image-566-2-1-1\" class=\"module module-image image-566-2-1-1   image-overlay  \">\n\n\t\t\n\t\t\n\t\t<div class=\"image-wrap\">\n\t\t\t\t\t\t\t<a href=\"http:\/\/www.freshwaveproduction.com\"  >\n\t\t\t\t\t\t\t\t\t\t<img decoding=\"async\" src=\"http:\/\/www.forwardcomunicacion.com\/wp-content\/uploads\/2016\/05\/logo.png\" alt=\"freshwaveproduction\" \/>\t\t\t\t<\/a>\n\t\t\t\n\t\t\t\n\t\t\n\t\t\t\t<\/div>\n\t\t<!-- \/image-wrap -->\n\t\n\t\t<\/div>\n\t<!-- \/module image -->\n<style type=\"text\/css\">.themify_builder .image-566-2-1-1.module-image .image-content { text-align: center;  } \n<\/style>\n\n                                                    <\/div>\n                                                    <!-- \/.tb-column-inner -->\n                                                                <\/div>\n                                            <!-- \/.tb-column -->\n                \n                                        <div class=\"col4-1 third tb-column  tb_566_column module_column_2 module_column\" >\n\n                    \n                                            \n                                            <div class=\"tb-column-inner\">\n\n                    \n                                                \n                                                    \n<!-- module text -->\n<div id=\"text-566-2-2-1\" class=\"module module-text text-566-2-2-1   \">\n\t\n\t\n\t<h5><span style=\"color: #f6f6f6;\"><a style=\"color: #f6f6f6;\" href=\"http:\/\/www.freshwaveproduction.com\/home\/\">www.freshwaveproduction.com<\/a><\/span><\/h5><p><span style=\"color: #f6f6f6;\"><span class=\"shortcode themify-icon \"><a href=\"https:\/\/www.youtube.com\/channel\/UCNvH7v_S3fluGWpnfOQXmpA\" class=\"themify-icon-link\"><i class=\"themify-icon-icon fa fa-youtube\" style=\"color: #ffffff;\"><\/i><\/a><\/span>\u00a0<\/span><span style=\"color: #f6f6f6;\"><span class=\"shortcode themify-icon \"><a href=\"http:\/\/vimeo.com\/freshwaveproduction\" class=\"themify-icon-link\"><i class=\"themify-icon-icon fa fa-vimeo\" style=\"color: #ffffff;\"><\/i><\/a><\/span><\/span><\/p>\n\t<\/div>\n<!-- \/module text --><style type=\"text\/css\">.themify_builder .text-566-2-2-1.module-text { font-family: Roboto; color: #f6f6f6; text-align: center; padding-top: 20px;  } \n.themify_builder .text-566-2-2-1.module-text h1 { font-family: Roboto; color: #f6f6f6;  } \n.themify_builder .text-566-2-2-1.module-text h2 { font-family: Roboto; color: #f6f6f6;  } \n.themify_builder .text-566-2-2-1.module-text h3:not(.module-title) { font-family: Roboto; color: #f6f6f6;  } \n.themify_builder .text-566-2-2-1.module-text h4 { font-family: Roboto; color: #f6f6f6;  } \n.themify_builder .text-566-2-2-1.module-text h5 { font-family: Roboto; color: #f6f6f6;  } \n.themify_builder .text-566-2-2-1.module-text h6 { font-family: Roboto; color: #f6f6f6;  } \n<\/style>\n\n                                                    <\/div>\n                                                    <!-- \/.tb-column-inner -->\n                                                                <\/div>\n                                            <!-- \/.tb-column -->\n                \n                                        <div class=\"col4-1 last tb-column empty-column tb_566_column module_column_3 module_column\" >\n\n                    \n                                            \n                                            <div class=\"tb-column-inner\">\n\n                    \n                                                \n                                                    &nbsp;\n                                                    <\/div>\n                                                    <!-- \/.tb-column-inner -->\n                                                                <\/div>\n                                            <!-- \/.tb-column -->\n                \n                                    \n                                    \n                                \n                            <\/div>\n                            <!-- \/row_inner -->\n                        <\/div>\n                        <!-- \/row_inner_wrapper -->\n                    <\/div>\n                    <!-- \/module_row -->\n            \n<\/div>\n<!-- \/themify_builder_content -->","protected":false},"excerpt":{"rendered":"<p>SERVICIO AUDIOVISUAL______En Forward somos especialistas en comunicaci\u00f3n audiovisual corporativa y sabemos que aqu\u00ed est\u00e1 el presente y futuro de la comunicaci\u00f3n. Por eso contamos con una s\u00f3lida productora audiovisual\u00a0in-house\u00a0con equipos de \u00faltima generaci\u00f3n. El consumidor est\u00e1 en las redes\/medios online y se ha demostrado que consume cada vez m\u00e1s video<\/p>\n","protected":false},"author":1,"featured_media":0,"parent":0,"menu_order":0,"comment_status":"closed","ping_status":"closed","template":"","meta":{"footnotes":""},"class_list":["post-566","page","type-page","status-publish","hentry","no-post-title","has-post-date","has-post-category","has-post-tag","has-post-comment","has-post-author"],"_links":{"self":[{"href":"https:\/\/www.forwardcomunicacion.com\/es\/wp-json\/wp\/v2\/pages\/566","targetHints":{"allow":["GET"]}}],"collection":[{"href":"https:\/\/www.forwardcomunicacion.com\/es\/wp-json\/wp\/v2\/pages"}],"about":[{"href":"https:\/\/www.forwardcomunicacion.com\/es\/wp-json\/wp\/v2\/types\/page"}],"author":[{"embeddable":true,"href":"https:\/\/www.forwardcomunicacion.com\/es\/wp-json\/wp\/v2\/users\/1"}],"replies":[{"embeddable":true,"href":"https:\/\/www.forwardcomunicacion.com\/es\/wp-json\/wp\/v2\/comments?post=566"}],"version-history":[{"count":7,"href":"https:\/\/www.forwardcomunicacion.com\/es\/wp-json\/wp\/v2\/pages\/566\/revisions"}],"predecessor-version":[{"id":1164,"href":"https:\/\/www.forwardcomunicacion.com\/es\/wp-json\/wp\/v2\/pages\/566\/revisions\/1164"}],"wp:attachment":[{"href":"https:\/\/www.forwardcomunicacion.com\/es\/wp-json\/wp\/v2\/media?parent=566"}],"curies":[{"name":"wp","href":"https:\/\/api.w.org\/{rel}","templated":true}]}}