{"id":597,"date":"2016-05-27T15:13:12","date_gmt":"2016-05-27T15:13:12","guid":{"rendered":"http:\/\/www.forwardcomunicacion.com\/es\/?page_id=597"},"modified":"2020-01-21T13:28:36","modified_gmt":"2020-01-21T11:28:36","slug":"influencers","status":"publish","type":"page","link":"https:\/\/www.forwardcomunicacion.com\/es\/influencers\/","title":{"rendered":"Influencers"},"content":{"rendered":"<div id=\"themify_builder_content-597\" data-postid=\"597\" class=\"themify_builder_content themify_builder_content-597 themify_builder themify_builder_front\">\n\n\t\n                <!-- module_row -->\n                <div data-gutter=\"gutter-default\" class=\"themify_builder_row themify_builder_597_row module_row module_row_0 clearfix gutter-default col_align_top fullcover\"                      data-equal-column-height=\"\"\n                     data-column-alignment=\"col_align_top\">\n\n            \n                    \n                    <div class=\"row_inner_wrapper\">\n                        <div class=\"row_inner\">\n\n            \n                            \n                                \n                                        <div class=\"col-full first tb-column  tb_597_column module_column_0 module_column\" >\n\n                    \n                                            \n                                            <div class=\"tb-column-inner\">\n\n                    \n                                                \n                                                    \n<!-- module text -->\n<div id=\"text-597-0-0-1\" class=\"module module-text text-597-0-0-1   \">\n\t\n\t\n\t<h1>INFLUENCERS<\/h1><p>______<\/p><p>Cada vez con m\u00e1s frecuencia se busca el apoyo de personajes populares afines a la marca del modo m\u00e1s org\u00e1nico posible. Forward detecta al perfil m\u00e1s adecuado y crea conexiones entre marca-influencer-p\u00fablico a trav\u00e9s de redes sociales y otras formas interactivas<\/p><p><span class=\"shortcode themify-icon \"><i class=\"themify-icon-icon fa fa-fort-awesome\" style=\"color: #ffffff;\"><\/i><\/span> Larga experiencia en el trato con celebrities<\/p><p><span class=\"shortcode themify-icon \"><i class=\"themify-icon-icon fa fa-group\" style=\"color: #fffff;\"><\/i><\/span> Relaci\u00f3n con publicistas y representantes<\/p><p><span class=\"shortcode themify-icon \"><i class=\"themify-icon-icon fa fa-twitter\" style=\"color: #ffffff;\"><\/i><\/span> Dise\u00f1o de campa\u00f1as contractuales en redes sociales con VIPs<\/p>\n\t<\/div>\n<!-- \/module text -->\n\n                                                    <\/div>\n                                                    <!-- \/.tb-column-inner -->\n                                                                <\/div>\n                                            <!-- \/.tb-column -->\n                \n                                    \n                                    \n                                \n                            <\/div>\n                            <!-- \/row_inner -->\n                        <\/div>\n                        <!-- \/row_inner_wrapper -->\n                    <\/div>\n                    <!-- \/module_row -->\n            \n\n                <!-- module_row -->\n                <div data-gutter=\"gutter-default\" class=\"themify_builder_row themify_builder_597_row module_row module_row_1 clearfix gutter-default col_align_top\"                      data-equal-column-height=\"\"\n                     data-column-alignment=\"col_align_top\">\n\n            \n                    \n                    <div class=\"row_inner_wrapper\">\n                        <div class=\"row_inner\">\n\n            \n<!-- .themify_builder_597_row.module_row_1 Style -->\n<style type=\"text\/css\" >\n.themify_builder_597_row.module_row_1.module_row {\n\tbackground-color: #f6f6f6;\n\tpadding-top : 40px;\n\tpadding-bottom : 40px\n}\n<\/style>\n<!-- End .themify_builder_597_row.module_row_1 Style -->\n\n                            \n                                \n                                        <div class=\"col-full first tb-column  tb_597_column module_column_0 module_column\" >\n\n                    \n                                            \n                                            <div class=\"tb-column-inner\">\n\n                    \n                                                \n                                                    \n    <!-- module buttons -->\n    <div id=\"buttons-597-1-0-1\" class=\"module module-buttons buttons-597-1-0-1  \">\n\n        \n        \n        <div class=\"module-buttons large outline\">\n                            <div class=\"module-buttons-item\">\n                                            <a class=\"ui builder_button  black\"  href=\"http:\/\/www.forwardcomunicacion.com\/services\/\">\n                                                                    <span>SERVICIOS<\/span>\n                                            <\/a>\n                                    <\/div>\n                    <\/div>\n\n        \n    <\/div>\n    <!-- \/module buttons -->\n<style type=\"text\/css\">.themify_builder .buttons-597-1-0-1 div.module-buttons { text-align: center;  } \n<\/style>\n\n                                                    <\/div>\n                                                    <!-- \/.tb-column-inner -->\n                                                                <\/div>\n                                            <!-- \/.tb-column -->\n                \n                                    \n                                    \n                                \n                            <\/div>\n                            <!-- \/row_inner -->\n                        <\/div>\n                        <!-- \/row_inner_wrapper -->\n                    <\/div>\n                    <!-- \/module_row -->\n            \n<\/div>\n<!-- \/themify_builder_content -->","protected":false},"excerpt":{"rendered":"<p>INFLUENCERS______Cada vez con m\u00e1s frecuencia se busca el apoyo de personajes populares afines a la marca del modo m\u00e1s org\u00e1nico posible. Forward detecta al perfil m\u00e1s adecuado y crea conexiones entre marca-influencer-p\u00fablico a trav\u00e9s de redes sociales y otras formas interactivas<span class=\"shortcode themify-icon \"><i class=\"themify-icon-icon fa fa-fort-awesome\" style=\"color: #ffffff;\"><\/i><\/span> Larga experiencia en el trato con celebrities<span class=\"shortcode themify-icon \"><i class=\"themify-icon-icon fa fa-group\" style=\"color: #fffff;\"><\/i><\/span> Relaci\u00f3n [&hellip;]<\/p>\n","protected":false},"author":1,"featured_media":0,"parent":0,"menu_order":0,"comment_status":"closed","ping_status":"closed","template":"","meta":{"footnotes":""},"class_list":["post-597","page","type-page","status-publish","hentry","no-post-title","has-post-date","has-post-category","has-post-tag","has-post-comment","has-post-author"],"_links":{"self":[{"href":"https:\/\/www.forwardcomunicacion.com\/es\/wp-json\/wp\/v2\/pages\/597","targetHints":{"allow":["GET"]}}],"collection":[{"href":"https:\/\/www.forwardcomunicacion.com\/es\/wp-json\/wp\/v2\/pages"}],"about":[{"href":"https:\/\/www.forwardcomunicacion.com\/es\/wp-json\/wp\/v2\/types\/page"}],"author":[{"embeddable":true,"href":"https:\/\/www.forwardcomunicacion.com\/es\/wp-json\/wp\/v2\/users\/1"}],"replies":[{"embeddable":true,"href":"https:\/\/www.forwardcomunicacion.com\/es\/wp-json\/wp\/v2\/comments?post=597"}],"version-history":[{"count":4,"href":"https:\/\/www.forwardcomunicacion.com\/es\/wp-json\/wp\/v2\/pages\/597\/revisions"}],"predecessor-version":[{"id":1163,"href":"https:\/\/www.forwardcomunicacion.com\/es\/wp-json\/wp\/v2\/pages\/597\/revisions\/1163"}],"wp:attachment":[{"href":"https:\/\/www.forwardcomunicacion.com\/es\/wp-json\/wp\/v2\/media?parent=597"}],"curies":[{"name":"wp","href":"https:\/\/api.w.org\/{rel}","templated":true}]}}