{"id":713,"date":"2016-07-04T23:38:37","date_gmt":"2016-07-04T23:38:37","guid":{"rendered":"http:\/\/www.forwardcomunicacion.com\/es\/?page_id=713"},"modified":"2020-01-21T13:30:26","modified_gmt":"2020-01-21T11:30:26","slug":"servicios","status":"publish","type":"page","link":"https:\/\/www.forwardcomunicacion.com\/es\/servicios\/","title":{"rendered":"SERVICIOS"},"content":{"rendered":"<div id=\"themify_builder_content-713\" data-postid=\"713\" class=\"themify_builder_content themify_builder_content-713 themify_builder themify_builder_front\">\n\n\t\n                <!-- module_row -->\n                <div data-gutter=\"gutter-default\" class=\"themify_builder_row themify_builder_713_row module_row module_row_0 clearfix gutter-default col_align_top\"                      data-equal-column-height=\"\"\n                     data-column-alignment=\"col_align_top\">\n\n            \n                    \n                    <div class=\"row_inner_wrapper\">\n                        <div class=\"row_inner\">\n\n            \n                            \n                                \n                                        <div class=\"col-full first tb-column  tb_713_column module_column_0 module_column\" >\n\n                    \n                                            \n                                            <div class=\"tb-column-inner\">\n\n                    \n                                                \n                                                    \n<!-- module text -->\n<div id=\"text-713-0-0-1\" class=\"module module-text text-713-0-0-1   \">\n\t\n\t\n\t<h1 style=\"text-align: center;\">SERVICIOS<\/h1>\n\t<\/div>\n<!-- \/module text -->\n\n                                                    <\/div>\n                                                    <!-- \/.tb-column-inner -->\n                                                                <\/div>\n                                            <!-- \/.tb-column -->\n                \n                                    \n                                    \n                                \n                            <\/div>\n                            <!-- \/row_inner -->\n                        <\/div>\n                        <!-- \/row_inner_wrapper -->\n                    <\/div>\n                    <!-- \/module_row -->\n            \n\n                <!-- module_row -->\n                <div data-gutter=\"gutter-default\" class=\"themify_builder_row themify_builder_713_row module_row module_row_1 clearfix gutter-default fullcover\"                      data-equal-column-height=\"\"\n                     data-column-alignment=\"\">\n\n            \n                    \n                <div class=\"builder_row_cover\" style=\"background-color: rgba(0,0,0, 0.53)\" data-color=\"rgba(0,0,0, 0.53)\" ><\/div>\n\n            \n                    <div class=\"row_inner_wrapper\">\n                        <div class=\"row_inner\">\n\n            \n<!-- .themify_builder_713_row.module_row_1 Style -->\n<style type=\"text\/css\" >\n.themify_builder_713_row.module_row_1.module_row {\n\tbackground-image: url(https:\/\/www.forwardcomunicacion.com\/wp-content\/uploads\/2016\/05\/photo-1422393462206-207b0fbd8d6b.jpg)\n}\n<\/style>\n<!-- End .themify_builder_713_row.module_row_1 Style -->\n\n                            \n                                \n                                        <div class=\"col4-2 first tb-column  tb_713_column module_column_0 module_column\" >\n\n                    \n                                            \n                                            <div class=\"tb-column-inner\">\n\n                    \n                                                \n                                                    \n\t<!-- module image -->\n\t<div id=\"image-713-1-0-1\" class=\"module module-image image-713-1-0-1   image-top  wow fadeIn\">\n\n\t\t\n\t\t\n\t\t<div class=\"image-wrap\">\n\t\t\t\t\t\t\t<a href=\"http:\/\/www.forwardcomunicacion.com\/comunicacion\"  >\n\t\t\t\t\t\t\t\t\t\t<img loading=\"lazy\" decoding=\"async\" src=\"http:\/\/www.forwardcomunicacion.com\/wp-content\/uploads\/2016\/05\/antena_white.png\" width=\"60\" height=\"60\" alt=\"SERVICIOS\" \/>\t\t\t\t<\/a>\n\t\t\t\n\t\t\t\t\t\t<\/div>\n\t\t\t<!-- \/image-wrap -->\n\t\t\n\t\t\n\t\t\n\t\t<\/div>\n\t<!-- \/module image -->\n<style type=\"text\/css\">.themify_builder .image-713-1-0-1.module-image .image-content { color: #ffffff; text-align: center;  } \n.themify_builder .image-713-1-0-1.module-image .image-title { color: #ffffff;  } \n.themify_builder .image-713-1-0-1.module-image .image-title a { color: #ffffff;  } \n.themify_builder .image-713-1-0-1.module-image h1 { color: #ffffff;  } \n.themify_builder .image-713-1-0-1.module-image h2 { color: #ffffff;  } \n.themify_builder .image-713-1-0-1.module-image h3:not(.module-title) { color: #ffffff;  } \n.themify_builder .image-713-1-0-1.module-image h4 { color: #ffffff;  } \n.themify_builder .image-713-1-0-1.module-image h5 { color: #ffffff;  } \n.themify_builder .image-713-1-0-1.module-image h6 { color: #ffffff;  } \n.themify_builder .image-713-1-0-1.module-image { padding-top: 120px; padding-bottom: 20px; padding-left: 240px;  } \n<\/style>\n\n<!-- module text -->\n<div id=\"text-713-1-0-2\" class=\"module module-text text-713-1-0-2   wow fadeIn\">\n\t\n\t\n\t<h5><a href=\"http:\/\/www.forwardcomunicacion.com\/comunicacion\" class=\"shortcode button small white outline \">COMUNICACI\u00d3N<\/a><\/h5><p><span style=\"color: #ffffff;\">_______<\/span><\/p><p><span style=\"color: #ffffff;\">Todas las plataformas (off y online) est\u00e1n conectadas en nuestros planes de comunicaci\u00f3n para alcanzar el mismo objetivo<\/span><\/p>\n\t<\/div>\n<!-- \/module text --><style type=\"text\/css\">.themify_builder .text-713-1-0-2.module-text { font-family: Roboto; color: #ffffff; text-align: center; padding-top: 0px; padding-bottom: 0px;  } \n.themify_builder .text-713-1-0-2.module-text h1 { font-family: Roboto; color: #ffffff;  } \n.themify_builder .text-713-1-0-2.module-text h2 { font-family: Roboto; color: #ffffff;  } \n.themify_builder .text-713-1-0-2.module-text h3:not(.module-title) { font-family: Roboto; color: #ffffff;  } \n.themify_builder .text-713-1-0-2.module-text h4 { font-family: Roboto; color: #ffffff;  } \n.themify_builder .text-713-1-0-2.module-text h5 { font-family: Roboto; color: #ffffff;  } \n.themify_builder .text-713-1-0-2.module-text h6 { font-family: Roboto; color: #ffffff;  } \n<\/style>\n\n\t<!-- module image -->\n\t<div id=\"image-713-1-0-3\" class=\"module module-image image-713-1-0-3   image-top  wow fadeIn\">\n\n\t\t\n\t\t\n\t\t<div class=\"image-wrap\">\n\t\t\t\t\t\t\t<a href=\"http:\/\/www.forwardcomunicacion.com\/es\/influencers\"  >\n\t\t\t\t\t\t\t\t\t\t<img loading=\"lazy\" decoding=\"async\" src=\"http:\/\/www.forwardcomunicacion.com\/wp-content\/uploads\/2016\/05\/2000px-Group_font_awesome.svg-copy.png\" width=\"60\" height=\"60\" alt=\"SERVICIOS\" \/>\t\t\t\t<\/a>\n\t\t\t\n\t\t\t\t\t\t<\/div>\n\t\t\t<!-- \/image-wrap -->\n\t\t\n\t\t\n\t\t\n\t\t<\/div>\n\t<!-- \/module image -->\n<style type=\"text\/css\">.themify_builder .image-713-1-0-3.module-image .image-content { text-align: center;  } \n.themify_builder .image-713-1-0-3.module-image { padding-top: 10px; padding-bottom: 20px; padding-left: 240px;  } \n<\/style>\n\n<!-- module text -->\n<div id=\"text-713-1-0-4\" class=\"module module-text text-713-1-0-4   wow fadeIn\">\n\t\n\t\n\t<h5><a href=\"http:\/\/www.forwardcomunicacion.com\/es\/influencers\" class=\"shortcode button small white outline \" style=\"color: #000;\">INFLUENCERS<\/a><\/h5><p>_______<\/p><p>Tenemos una relaci\u00f3n org\u00e1nica con l\u00edderes de opini\u00f3n relacionados con la cultura con los que crear estrategias en redes sociales y otras f\u00f3rmulas interactivas<\/p>\n\t<\/div>\n<!-- \/module text --><style type=\"text\/css\">.themify_builder .text-713-1-0-4.module-text { font-family: Roboto; color: #ffffff; text-align: center; padding-top: 0px; padding-bottom: 0px;  } \n.themify_builder .text-713-1-0-4.module-text h1 { font-family: Roboto; color: #ffffff;  } \n.themify_builder .text-713-1-0-4.module-text h2 { font-family: Roboto; color: #ffffff;  } \n.themify_builder .text-713-1-0-4.module-text h3:not(.module-title) { font-family: Roboto; color: #ffffff;  } \n.themify_builder .text-713-1-0-4.module-text h4 { font-family: Roboto; color: #ffffff;  } \n.themify_builder .text-713-1-0-4.module-text h5 { font-family: Roboto; color: #ffffff;  } \n.themify_builder .text-713-1-0-4.module-text h6 { font-family: Roboto; color: #ffffff;  } \n<\/style>\n\n                                                    <\/div>\n                                                    <!-- \/.tb-column-inner -->\n                                                                <\/div>\n                                            <!-- \/.tb-column -->\n                \n                                        <div class=\"col4-2 last tb-column  tb_713_column module_column_1 module_column\" >\n\n                    \n                                            \n                                            <div class=\"tb-column-inner\">\n\n                    \n                                                \n                                                    \n\t<!-- module image -->\n\t<div id=\"image-713-1-1-1\" class=\"module module-image image-713-1-1-1   image-top  wow fadeIn\">\n\n\t\t\n\t\t\n\t\t<div class=\"image-wrap\">\n\t\t\t\t\t\t\t<a href=\"http:\/\/www.forwardcomunicacion.com\/es\/audiovisual\"  >\n\t\t\t\t\t\t\t\t\t\t<img loading=\"lazy\" decoding=\"async\" src=\"http:\/\/www.forwardcomunicacion.com\/wp-content\/uploads\/2016\/05\/Movie-Film-Icon-copy.png\" width=\"60\" height=\"60\" alt=\"SERVICIOS\" \/>\t\t\t\t<\/a>\n\t\t\t\n\t\t\t\t\t\t<\/div>\n\t\t\t<!-- \/image-wrap -->\n\t\t\n\t\t\n\t\t\n\t\t<\/div>\n\t<!-- \/module image -->\n<style type=\"text\/css\">.themify_builder .image-713-1-1-1.module-image .image-content { color: #ffffff; text-align: center;  } \n.themify_builder .image-713-1-1-1.module-image .image-title { color: #ffffff;  } \n.themify_builder .image-713-1-1-1.module-image .image-title a { color: #ffffff;  } \n.themify_builder .image-713-1-1-1.module-image h1 { color: #ffffff;  } \n.themify_builder .image-713-1-1-1.module-image h2 { color: #ffffff;  } \n.themify_builder .image-713-1-1-1.module-image h3:not(.module-title) { color: #ffffff;  } \n.themify_builder .image-713-1-1-1.module-image h4 { color: #ffffff;  } \n.themify_builder .image-713-1-1-1.module-image h5 { color: #ffffff;  } \n.themify_builder .image-713-1-1-1.module-image h6 { color: #ffffff;  } \n.themify_builder .image-713-1-1-1.module-image { padding-top: 120px; padding-bottom: 20px; padding-left: 240px;  } \n<\/style>\n\n<!-- module text -->\n<div id=\"text-713-1-1-2\" class=\"module module-text text-713-1-1-2   wow fadeIn\">\n\t\n\t\n\t<h5><a href=\"http:\/\/www.forwardcomunicacion.com\/es\/audiovisual\" class=\"shortcode button small white outline \">AUDIOVISUAL<\/a><\/h5><p>_______<\/p><p>Servicio de producci\u00f3n audiovisual en casa con equipos de \u00faltima generaci\u00f3n para satisfacer la herramienta estrella de la comunicaci\u00f3n: el video<\/p>\n\t<\/div>\n<!-- \/module text --><style type=\"text\/css\">.themify_builder .text-713-1-1-2.module-text { font-family: Roboto; color: #ffffff; text-align: center; padding-top: 0px; padding-bottom: 0px;  } \n.themify_builder .text-713-1-1-2.module-text h1 { font-family: Roboto; color: #ffffff;  } \n.themify_builder .text-713-1-1-2.module-text h2 { font-family: Roboto; color: #ffffff;  } \n.themify_builder .text-713-1-1-2.module-text h3:not(.module-title) { font-family: Roboto; color: #ffffff;  } \n.themify_builder .text-713-1-1-2.module-text h4 { font-family: Roboto; color: #ffffff;  } \n.themify_builder .text-713-1-1-2.module-text h5 { font-family: Roboto; color: #ffffff;  } \n.themify_builder .text-713-1-1-2.module-text h6 { font-family: Roboto; color: #ffffff;  } \n<\/style>\n\n\t<!-- module image -->\n\t<div id=\"image-713-1-1-3\" class=\"module module-image image-713-1-1-3   image-top  wow fadeIn\">\n\n\t\t\n\t\t\n\t\t<div class=\"image-wrap\">\n\t\t\t\t\t\t\t<a href=\"http:\/\/www.forwardcomunicacion.com\/es\/eventos\"  >\n\t\t\t\t\t\t\t\t\t\t<img loading=\"lazy\" decoding=\"async\" src=\"http:\/\/www.forwardcomunicacion.com\/wp-content\/uploads\/2016\/05\/events_white.png\" width=\"60\" height=\"60\" alt=\"SERVICIOS\" \/>\t\t\t\t<\/a>\n\t\t\t\n\t\t\t\t\t\t<\/div>\n\t\t\t<!-- \/image-wrap -->\n\t\t\n\t\t\n\t\t\n\t\t<\/div>\n\t<!-- \/module image -->\n<style type=\"text\/css\">.themify_builder .image-713-1-1-3.module-image .image-content { color: #ffffff; text-align: center;  } \n.themify_builder .image-713-1-1-3.module-image .image-title { color: #ffffff;  } \n.themify_builder .image-713-1-1-3.module-image .image-title a { color: #ffffff;  } \n.themify_builder .image-713-1-1-3.module-image h1 { color: #ffffff;  } \n.themify_builder .image-713-1-1-3.module-image h2 { color: #ffffff;  } \n.themify_builder .image-713-1-1-3.module-image h3:not(.module-title) { color: #ffffff;  } \n.themify_builder .image-713-1-1-3.module-image h4 { color: #ffffff;  } \n.themify_builder .image-713-1-1-3.module-image h5 { color: #ffffff;  } \n.themify_builder .image-713-1-1-3.module-image h6 { color: #ffffff;  } \n.themify_builder .image-713-1-1-3.module-image { padding-top: 10px; padding-bottom: 20px; padding-left: 240px;  } \n<\/style>\n\n<!-- module text -->\n<div id=\"text-713-1-1-4\" class=\"module module-text text-713-1-1-4   wow fadeIn\">\n\t\n\t\n\t<h5><a href=\"http:\/\/www.forwardcomunicacion.com\/es\/eventos\" class=\"shortcode button small white outline \">EVENTOS<\/a><\/h5><p>_______<\/p><p>Nuestros profesionales son creativos y divertidos y trabajan c\u00f3modamente en producciones sencillas o sofisticadas<\/p>\n\t<\/div>\n<!-- \/module text --><style type=\"text\/css\">.themify_builder .text-713-1-1-4.module-text { font-family: Roboto; color: #ffffff; text-align: center; padding-top: 0px; padding-bottom: 40px;  } \n.themify_builder .text-713-1-1-4.module-text h1 { font-family: Roboto; color: #ffffff;  } \n.themify_builder .text-713-1-1-4.module-text h2 { font-family: Roboto; color: #ffffff;  } \n.themify_builder .text-713-1-1-4.module-text h3:not(.module-title) { font-family: Roboto; color: #ffffff;  } \n.themify_builder .text-713-1-1-4.module-text h4 { font-family: Roboto; color: #ffffff;  } \n.themify_builder .text-713-1-1-4.module-text h5 { font-family: Roboto; color: #ffffff;  } \n.themify_builder .text-713-1-1-4.module-text h6 { font-family: Roboto; color: #ffffff;  } \n<\/style>\n\n                                                    <\/div>\n                                                    <!-- \/.tb-column-inner -->\n                                                                <\/div>\n                                            <!-- \/.tb-column -->\n                \n                                    \n                                    \n                                \n                            <\/div>\n                            <!-- \/row_inner -->\n                        <\/div>\n                        <!-- \/row_inner_wrapper -->\n                    <\/div>\n                    <!-- \/module_row -->\n            \n<\/div>\n<!-- \/themify_builder_content -->","protected":false},"excerpt":{"rendered":"<p>SERVICIOS<\/p>\n","protected":false},"author":1,"featured_media":0,"parent":0,"menu_order":0,"comment_status":"closed","ping_status":"closed","template":"","meta":{"footnotes":""},"class_list":["post-713","page","type-page","status-publish","hentry","no-post-title","has-post-date","has-post-category","has-post-tag","has-post-comment","has-post-author"],"_links":{"self":[{"href":"https:\/\/www.forwardcomunicacion.com\/es\/wp-json\/wp\/v2\/pages\/713","targetHints":{"allow":["GET"]}}],"collection":[{"href":"https:\/\/www.forwardcomunicacion.com\/es\/wp-json\/wp\/v2\/pages"}],"about":[{"href":"https:\/\/www.forwardcomunicacion.com\/es\/wp-json\/wp\/v2\/types\/page"}],"author":[{"embeddable":true,"href":"https:\/\/www.forwardcomunicacion.com\/es\/wp-json\/wp\/v2\/users\/1"}],"replies":[{"embeddable":true,"href":"https:\/\/www.forwardcomunicacion.com\/es\/wp-json\/wp\/v2\/comments?post=713"}],"version-history":[{"count":9,"href":"https:\/\/www.forwardcomunicacion.com\/es\/wp-json\/wp\/v2\/pages\/713\/revisions"}],"predecessor-version":[{"id":1183,"href":"https:\/\/www.forwardcomunicacion.com\/es\/wp-json\/wp\/v2\/pages\/713\/revisions\/1183"}],"wp:attachment":[{"href":"https:\/\/www.forwardcomunicacion.com\/es\/wp-json\/wp\/v2\/media?parent=713"}],"curies":[{"name":"wp","href":"https:\/\/api.w.org\/{rel}","templated":true}]}}